{"id":95,"date":"2016-04-15T23:11:43","date_gmt":"2016-04-15T22:11:43","guid":{"rendered":"https:\/\/www.pintorbcn.com\/?page_id=95"},"modified":"2016-06-02T14:34:42","modified_gmt":"2016-06-02T13:34:42","slug":"trabajos-pintura","status":"publish","type":"page","link":"https:\/\/www.pintorbcn.com\/fr\/trabajos-pintura\/","title":{"rendered":"Trabajos de pintura a Barcelone"},"content":{"rendered":"<h2>Trabajos de pintura en Barcelona:<\/h2>\n<p>Trabajos de pintura en Barcelona:<\/p>\n<p>En esta comunidad de propietarios, buscaron un Pintor en Barcelona, profesional y limpio.<\/p>\n<p>Realizamos los Trabajos de pintura en Barcelona en el tiempo acordado, techos con pintura pl\u00e1stica blanca, paredes en pintura pl\u00e1stica ocre, puertas de ascensor esmaltadas con un tono rojo carruaje y las barandas de madera las barnizamos con esmalte brillante, mucho m\u00e1s resistente que los dem\u00e1s.<\/p>\n<p>No dude en solicitar su presupuesto en el apartado de Presupuesto, o si lo desea puede llamarnos al : 638 073 210, y tambi\u00e9n puede comunicarse son nosotros v\u00eda Whattsapp.<\/p>\n<p>Color hecho por<strong> www.pintorbcn.com<\/strong><\/p>\n<div id='gallery-1' class='gallery galleryid-95 gallery-columns-3 gallery-size-thumbnail'><figure class='gallery-item'>\n\t\t\t<div class='gallery-icon landscape'>\n\t\t\t\t<a href='https:\/\/www.pintorbcn.com\/wp-content\/uploads\/2016\/04\/pintar-comunidad-vecinos.jpg'><img decoding=\"async\" width=\"150\" height=\"150\" src=\"https:\/\/www.pintorbcn.com\/wp-content\/uploads\/2016\/04\/pintar-comunidad-vecinos-150x150.jpg\" class=\"attachment-thumbnail size-thumbnail\" alt=\"pintar comunidad vecinos\" \/><\/a>\n\t\t\t<\/div><\/figure><figure class='gallery-item'>\n\t\t\t<div class='gallery-icon landscape'>\n\t\t\t\t<a href='https:\/\/www.pintorbcn.com\/wp-content\/uploads\/2016\/04\/pintar-comunidad-vecinos2.jpg'><img decoding=\"async\" width=\"150\" height=\"150\" src=\"https:\/\/www.pintorbcn.com\/wp-content\/uploads\/2016\/04\/pintar-comunidad-vecinos2-150x150.jpg\" class=\"attachment-thumbnail size-thumbnail\" alt=\"pintar comunidad vecinos\" \/><\/a>\n\t\t\t<\/div><\/figure><figure class='gallery-item'>\n\t\t\t<div class='gallery-icon landscape'>\n\t\t\t\t<a href='https:\/\/www.pintorbcn.com\/wp-content\/uploads\/2016\/04\/pintar-comunidad-vecinos5.jpg'><img decoding=\"async\" width=\"150\" height=\"150\" src=\"https:\/\/www.pintorbcn.com\/wp-content\/uploads\/2016\/04\/pintar-comunidad-vecinos5-150x150.jpg\" class=\"attachment-thumbnail size-thumbnail\" alt=\"pintar comunidad vecinos\" \/><\/a>\n\t\t\t<\/div><\/figure><figure class='gallery-item'>\n\t\t\t<div class='gallery-icon landscape'>\n\t\t\t\t<a href='https:\/\/www.pintorbcn.com\/wp-content\/uploads\/2016\/04\/pintar-comunidad-vecinos3.jpg'><img loading=\"lazy\" decoding=\"async\" width=\"150\" height=\"150\" src=\"https:\/\/www.pintorbcn.com\/wp-content\/uploads\/2016\/04\/pintar-comunidad-vecinos3-150x150.jpg\" class=\"attachment-thumbnail size-thumbnail\" alt=\"pintar comunidad vecinos\" \/><\/a>\n\t\t\t<\/div><\/figure><figure class='gallery-item'>\n\t\t\t<div class='gallery-icon landscape'>\n\t\t\t\t<a href='https:\/\/www.pintorbcn.com\/wp-content\/uploads\/2016\/04\/pintar-comunidad-vecinos4.jpg'><img loading=\"lazy\" decoding=\"async\" width=\"150\" height=\"150\" src=\"https:\/\/www.pintorbcn.com\/wp-content\/uploads\/2016\/04\/pintar-comunidad-vecinos4-150x150.jpg\" class=\"attachment-thumbnail size-thumbnail\" alt=\"pintar comunidad vecinos\" \/><\/a>\n\t\t\t<\/div><\/figure>\n\t\t<\/div>\n\n<h2>Eliminar Gotel\u00e9 &#8211; Pintor en Barcelona<\/h2>\n<div id='gallery-2' class='gallery galleryid-95 gallery-columns-2 gallery-size-thumbnail'><figure class='gallery-item'>\n\t\t\t<div class='gallery-icon landscape'>\n\t\t\t\t<a href='https:\/\/www.pintorbcn.com\/wp-content\/uploads\/2016\/04\/sacar-gotele-pintor.jpg'><img loading=\"lazy\" decoding=\"async\" width=\"150\" height=\"150\" src=\"https:\/\/www.pintorbcn.com\/wp-content\/uploads\/2016\/04\/sacar-gotele-pintor-150x150.jpg\" class=\"attachment-thumbnail size-thumbnail\" alt=\"sacar gotele pintor barcelona\" aria-describedby=\"gallery-2-247\" srcset=\"https:\/\/www.pintorbcn.com\/wp-content\/uploads\/2016\/04\/sacar-gotele-pintor-150x150.jpg 150w, https:\/\/www.pintorbcn.com\/wp-content\/uploads\/2016\/04\/sacar-gotele-pintor-100x100.jpg 100w\" sizes=\"(max-width: 150px) 100vw, 150px\" \/><\/a>\n\t\t\t<\/div>\n\t\t\t\t<figcaption class='wp-caption-text gallery-caption' id='gallery-2-247'>\n\t\t\t\tLijando para sacar el gotel\u00e9\n\t\t\t\t<\/figcaption><\/figure><figure class='gallery-item'>\n\t\t\t<div class='gallery-icon landscape'>\n\t\t\t\t<a href='https:\/\/www.pintorbcn.com\/wp-content\/uploads\/2016\/04\/sacar-gotele-pintor-barcelona.jpg'><img loading=\"lazy\" decoding=\"async\" width=\"150\" height=\"150\" src=\"https:\/\/www.pintorbcn.com\/wp-content\/uploads\/2016\/04\/sacar-gotele-pintor-barcelona-150x150.jpg\" class=\"attachment-thumbnail size-thumbnail\" alt=\"sacar gotele pintor barcelona\" aria-describedby=\"gallery-2-248\" srcset=\"https:\/\/www.pintorbcn.com\/wp-content\/uploads\/2016\/04\/sacar-gotele-pintor-barcelona-150x150.jpg 150w, https:\/\/www.pintorbcn.com\/wp-content\/uploads\/2016\/04\/sacar-gotele-pintor-barcelona-100x100.jpg 100w\" sizes=\"(max-width: 150px) 100vw, 150px\" \/><\/a>\n\t\t\t<\/div>\n\t\t\t\t<figcaption class='wp-caption-text gallery-caption' id='gallery-2-248'>\n\t\t\t\tSacar gotel\u00e9 con lijadora autom\u00e1tica\n\t\t\t\t<\/figcaption><\/figure>\n\t\t<\/div>\n\n<h2>Oficina THE WORK SHOW &#8211; Pintor Barcelona<\/h2>\n<p>Pintar oficinas en Barcelona:<\/p>\n<p>Colores hechos por \u00a0<strong>www.pintorbcn.com<\/strong><\/p>\n<p>Estos\u00a0Trabajos de pintura en Barcelona , son de los m\u00e1s especiales que hemos realizado en Pintorbcn.com<\/p>\n<p>El cliente adquiri\u00f3 una nueva oficina en Barcelona, y las paredes estaban pintadas en un color Ocre , desgastado y sucio. Dudaban que color podr\u00eda quedar bien en la paredes y le aportamos una soluci\u00f3n:<\/p>\n<p>Ver los posibles colores directamente en la pared. La empresa se hace cargo del coste de las muestras, para que el cliente resuelva sus dudas, y est\u00e9 seguro de qu\u00e9 color combinar\u00e1 mejor con el mobiliario.<\/p>\n<p>En 3 d\u00edas la oficina estaba pintada y el logo corporativo de la empresa en forma de vinilo \u00a0pod\u00eda verse solo entrar en la oficina.<\/p>\n<h2><img decoding=\"async\" class=\"aligncenter size-large wp-image-211\" src=\"https:\/\/www.pintorbcn.com\/wp-content\/uploads\/2016\/04\/IMG_20160406_193733-1024x575.jpg\" alt=\"pintor en barcelona oficina\" width=\"100%\" srcset=\"https:\/\/www.pintorbcn.com\/wp-content\/uploads\/2016\/04\/IMG_20160406_193733-1024x575.jpg 1024w, https:\/\/www.pintorbcn.com\/wp-content\/uploads\/2016\/04\/IMG_20160406_193733-300x168.jpg 300w, https:\/\/www.pintorbcn.com\/wp-content\/uploads\/2016\/04\/IMG_20160406_193733-768x431.jpg 768w, https:\/\/www.pintorbcn.com\/wp-content\/uploads\/2016\/04\/IMG_20160406_193733-980x550.jpg 980w\" sizes=\"(max-width: 1024px) 100vw, 1024px\" \/><\/h2>\n<p>&nbsp;<\/p>\n<div id='gallery-3' class='gallery galleryid-95 gallery-columns-2 gallery-size-medium'><figure class='gallery-item'>\n\t\t\t<div class='gallery-icon landscape'>\n\t\t\t\t<a href='https:\/\/www.pintorbcn.com\/wp-content\/uploads\/2016\/04\/IMG_20160406_193733.jpg'><img loading=\"lazy\" decoding=\"async\" width=\"300\" height=\"168\" src=\"https:\/\/www.pintorbcn.com\/wp-content\/uploads\/2016\/04\/IMG_20160406_193733-300x168.jpg\" class=\"attachment-medium size-medium\" alt=\"pintor en barcelona oficina\" srcset=\"https:\/\/www.pintorbcn.com\/wp-content\/uploads\/2016\/04\/IMG_20160406_193733-300x168.jpg 300w, https:\/\/www.pintorbcn.com\/wp-content\/uploads\/2016\/04\/IMG_20160406_193733-768x431.jpg 768w, https:\/\/www.pintorbcn.com\/wp-content\/uploads\/2016\/04\/IMG_20160406_193733-1024x575.jpg 1024w, https:\/\/www.pintorbcn.com\/wp-content\/uploads\/2016\/04\/IMG_20160406_193733-980x550.jpg 980w\" sizes=\"(max-width: 300px) 100vw, 300px\" \/><\/a>\n\t\t\t<\/div><\/figure><figure class='gallery-item'>\n\t\t\t<div class='gallery-icon landscape'>\n\t\t\t\t<a href='https:\/\/www.pintorbcn.com\/wp-content\/uploads\/2016\/04\/IMG_20160406_193024.jpg'><img loading=\"lazy\" decoding=\"async\" width=\"300\" height=\"168\" src=\"https:\/\/www.pintorbcn.com\/wp-content\/uploads\/2016\/04\/IMG_20160406_193024-300x168.jpg\" class=\"attachment-medium size-medium\" alt=\"pintor en barcelona oficina\" srcset=\"https:\/\/www.pintorbcn.com\/wp-content\/uploads\/2016\/04\/IMG_20160406_193024-300x168.jpg 300w, https:\/\/www.pintorbcn.com\/wp-content\/uploads\/2016\/04\/IMG_20160406_193024-768x431.jpg 768w, https:\/\/www.pintorbcn.com\/wp-content\/uploads\/2016\/04\/IMG_20160406_193024-1024x575.jpg 1024w, https:\/\/www.pintorbcn.com\/wp-content\/uploads\/2016\/04\/IMG_20160406_193024-980x550.jpg 980w\" sizes=\"(max-width: 300px) 100vw, 300px\" \/><\/a>\n\t\t\t<\/div><\/figure><figure class='gallery-item'>\n\t\t\t<div class='gallery-icon landscape'>\n\t\t\t\t<a href='https:\/\/www.pintorbcn.com\/wp-content\/uploads\/2016\/04\/IMG_20160406_192858.jpg'><img loading=\"lazy\" decoding=\"async\" width=\"300\" height=\"168\" src=\"https:\/\/www.pintorbcn.com\/wp-content\/uploads\/2016\/04\/IMG_20160406_192858-300x168.jpg\" class=\"attachment-medium size-medium\" alt=\"pintor en barcelona oficina\" srcset=\"https:\/\/www.pintorbcn.com\/wp-content\/uploads\/2016\/04\/IMG_20160406_192858-300x168.jpg 300w, https:\/\/www.pintorbcn.com\/wp-content\/uploads\/2016\/04\/IMG_20160406_192858-768x431.jpg 768w, https:\/\/www.pintorbcn.com\/wp-content\/uploads\/2016\/04\/IMG_20160406_192858-1024x575.jpg 1024w, https:\/\/www.pintorbcn.com\/wp-content\/uploads\/2016\/04\/IMG_20160406_192858-980x550.jpg 980w\" sizes=\"(max-width: 300px) 100vw, 300px\" \/><\/a>\n\t\t\t<\/div><\/figure><figure class='gallery-item'>\n\t\t\t<div class='gallery-icon landscape'>\n\t\t\t\t<a href='https:\/\/www.pintorbcn.com\/wp-content\/uploads\/2016\/04\/IMG_20160406_193128.jpg'><img loading=\"lazy\" decoding=\"async\" width=\"300\" height=\"168\" src=\"https:\/\/www.pintorbcn.com\/wp-content\/uploads\/2016\/04\/IMG_20160406_193128-300x168.jpg\" class=\"attachment-medium size-medium\" alt=\"pintor en barcelona oficina\" srcset=\"https:\/\/www.pintorbcn.com\/wp-content\/uploads\/2016\/04\/IMG_20160406_193128-300x168.jpg 300w, https:\/\/www.pintorbcn.com\/wp-content\/uploads\/2016\/04\/IMG_20160406_193128-768x431.jpg 768w, https:\/\/www.pintorbcn.com\/wp-content\/uploads\/2016\/04\/IMG_20160406_193128-1024x575.jpg 1024w, https:\/\/www.pintorbcn.com\/wp-content\/uploads\/2016\/04\/IMG_20160406_193128-980x550.jpg 980w\" sizes=\"(max-width: 300px) 100vw, 300px\" \/><\/a>\n\t\t\t<\/div><\/figure><figure class='gallery-item'>\n\t\t\t<div class='gallery-icon landscape'>\n\t\t\t\t<a href='https:\/\/www.pintorbcn.com\/wp-content\/uploads\/2016\/04\/IMG_20160406_193606.jpg'><img loading=\"lazy\" decoding=\"async\" width=\"300\" height=\"168\" src=\"https:\/\/www.pintorbcn.com\/wp-content\/uploads\/2016\/04\/IMG_20160406_193606-300x168.jpg\" class=\"attachment-medium size-medium\" alt=\"pintor en barcelona oficina\" srcset=\"https:\/\/www.pintorbcn.com\/wp-content\/uploads\/2016\/04\/IMG_20160406_193606-300x168.jpg 300w, https:\/\/www.pintorbcn.com\/wp-content\/uploads\/2016\/04\/IMG_20160406_193606-768x431.jpg 768w, https:\/\/www.pintorbcn.com\/wp-content\/uploads\/2016\/04\/IMG_20160406_193606-1024x575.jpg 1024w, https:\/\/www.pintorbcn.com\/wp-content\/uploads\/2016\/04\/IMG_20160406_193606-980x550.jpg 980w\" sizes=\"(max-width: 300px) 100vw, 300px\" \/><\/a>\n\t\t\t<\/div><\/figure><figure class='gallery-item'>\n\t\t\t<div class='gallery-icon landscape'>\n\t\t\t\t<a href='https:\/\/www.pintorbcn.com\/wp-content\/uploads\/2016\/04\/IMG_20160406_193541.jpg'><img loading=\"lazy\" decoding=\"async\" width=\"300\" height=\"168\" src=\"https:\/\/www.pintorbcn.com\/wp-content\/uploads\/2016\/04\/IMG_20160406_193541-300x168.jpg\" class=\"attachment-medium size-medium\" alt=\"pintor en barcelona oficina\" srcset=\"https:\/\/www.pintorbcn.com\/wp-content\/uploads\/2016\/04\/IMG_20160406_193541-300x168.jpg 300w, https:\/\/www.pintorbcn.com\/wp-content\/uploads\/2016\/04\/IMG_20160406_193541-768x431.jpg 768w, https:\/\/www.pintorbcn.com\/wp-content\/uploads\/2016\/04\/IMG_20160406_193541-1024x575.jpg 1024w, https:\/\/www.pintorbcn.com\/wp-content\/uploads\/2016\/04\/IMG_20160406_193541-980x550.jpg 980w\" sizes=\"(max-width: 300px) 100vw, 300px\" \/><\/a>\n\t\t\t<\/div><\/figure><figure class='gallery-item'>\n\t\t\t<div class='gallery-icon landscape'>\n\t\t\t\t<a href='https:\/\/www.pintorbcn.com\/wp-content\/uploads\/2016\/04\/IMG_20160406_193528.jpg'><img loading=\"lazy\" decoding=\"async\" width=\"300\" height=\"168\" src=\"https:\/\/www.pintorbcn.com\/wp-content\/uploads\/2016\/04\/IMG_20160406_193528-300x168.jpg\" class=\"attachment-medium size-medium\" alt=\"pintor en barcelona oficina\" srcset=\"https:\/\/www.pintorbcn.com\/wp-content\/uploads\/2016\/04\/IMG_20160406_193528-300x168.jpg 300w, https:\/\/www.pintorbcn.com\/wp-content\/uploads\/2016\/04\/IMG_20160406_193528-768x431.jpg 768w, https:\/\/www.pintorbcn.com\/wp-content\/uploads\/2016\/04\/IMG_20160406_193528-1024x575.jpg 1024w, https:\/\/www.pintorbcn.com\/wp-content\/uploads\/2016\/04\/IMG_20160406_193528-980x550.jpg 980w\" sizes=\"(max-width: 300px) 100vw, 300px\" \/><\/a>\n\t\t\t<\/div><\/figure>\n\t\t<\/div>\n\n<h2>Pintado una Cocina<\/h2>\n<p>Trabajos de pintura en Barcelona:<\/p>\n<p>Que colores combinan mejor para una cocina?<\/p>\n<p>En general los colores que decidimos poner en las cocinas en Barcelona, suelen ser colores vivos, pero los colores c\u00e1lidos y elegantes tambi\u00e9n combinan muy bien, y un ejemplo perfecto es esta cocina en el barrio de Gracia(Barcelona).<\/p>\n<p>Aprovechando las luces superiores, pudimos aplicar una pintura pl\u00e1stica mate lavable, lo que permite lavar las paredes de la cocina, cuando cocinando salpicamos con alg\u00fan l\u00edquido sobre las paredes.<\/p>\n<p>El tono de las paredes de esta cocina lo hizo PintorBcn, \u00a0por lo que es un color \u00fanico \u00a0que solo su cocina o estancias de su hogar tendr\u00e1.<\/p>\n<p>Si busca tener en casa unas paredes que nadie tenga&#8230;Somos sus pintores.<\/p>\n<p><a href=\"https:\/\/www.pintorbcn.com\/wp-content\/uploads\/2016\/04\/pintor-economico-barcelona-gracia.png\"><img decoding=\"async\" class=\"aligncenter wp-image-217 size-large\" src=\"https:\/\/www.pintorbcn.com\/wp-content\/uploads\/2016\/04\/pintor-economico-barcelona-gracia-1024x192.png\" alt=\"pintor economico barcelona pintar cocina\" width=\"100%\" srcset=\"https:\/\/www.pintorbcn.com\/wp-content\/uploads\/2016\/04\/pintor-economico-barcelona-gracia-1024x192.png 1024w, https:\/\/www.pintorbcn.com\/wp-content\/uploads\/2016\/04\/pintor-economico-barcelona-gracia-300x56.png 300w, https:\/\/www.pintorbcn.com\/wp-content\/uploads\/2016\/04\/pintor-economico-barcelona-gracia-768x144.png 768w, https:\/\/www.pintorbcn.com\/wp-content\/uploads\/2016\/04\/pintor-economico-barcelona-gracia-980x184.png 980w, https:\/\/www.pintorbcn.com\/wp-content\/uploads\/2016\/04\/pintor-economico-barcelona-gracia.png 1439w\" sizes=\"(max-width: 1024px) 100vw, 1024px\" \/><\/a><\/p>\n<h2>Pintor Techo en Barcelona<\/h2>\n<div id='gallery-4' class='gallery galleryid-95 gallery-columns-2 gallery-size-thumbnail'><figure class='gallery-item'>\n\t\t\t<div class='gallery-icon portrait'>\n\t\t\t\t<a href='https:\/\/www.pintorbcn.com\/wp-content\/uploads\/2016\/04\/IMG_20160418_140404.jpg'><img loading=\"lazy\" decoding=\"async\" width=\"150\" height=\"150\" src=\"https:\/\/www.pintorbcn.com\/wp-content\/uploads\/2016\/04\/IMG_20160418_140404-150x150.jpg\" class=\"attachment-thumbnail size-thumbnail\" alt=\"Pintor Barcelona Techo\" aria-describedby=\"gallery-4-220\" \/><\/a>\n\t\t\t<\/div>\n\t\t\t\t<figcaption class='wp-caption-text gallery-caption' id='gallery-4-220'>\n\t\t\t\tTecho Pintado en Barcelona\n\t\t\t\t<\/figcaption><\/figure><figure class='gallery-item'>\n\t\t\t<div class='gallery-icon portrait'>\n\t\t\t\t<a href='https:\/\/www.pintorbcn.com\/wp-content\/uploads\/2016\/04\/IMG_20160418_140502.jpg'><img loading=\"lazy\" decoding=\"async\" width=\"150\" height=\"150\" src=\"https:\/\/www.pintorbcn.com\/wp-content\/uploads\/2016\/04\/IMG_20160418_140502-150x150.jpg\" class=\"attachment-thumbnail size-thumbnail\" alt=\"Pintor Barcelona Techo\" aria-describedby=\"gallery-4-221\" \/><\/a>\n\t\t\t<\/div>\n\t\t\t\t<figcaption class='wp-caption-text gallery-caption' id='gallery-4-221'>\n\t\t\t\tTecho Pintado en Barcelona\n\t\t\t\t<\/figcaption><\/figure><figure class='gallery-item'>\n\t\t\t<div class='gallery-icon portrait'>\n\t\t\t\t<a href='https:\/\/www.pintorbcn.com\/wp-content\/uploads\/2016\/04\/IMG_20160418_140516.jpg'><img loading=\"lazy\" decoding=\"async\" width=\"150\" height=\"150\" src=\"https:\/\/www.pintorbcn.com\/wp-content\/uploads\/2016\/04\/IMG_20160418_140516-150x150.jpg\" class=\"attachment-thumbnail size-thumbnail\" alt=\"Pintor Barcelona Techo\" aria-describedby=\"gallery-4-222\" \/><\/a>\n\t\t\t<\/div>\n\t\t\t\t<figcaption class='wp-caption-text gallery-caption' id='gallery-4-222'>\n\t\t\t\tTecho Pintado en Barcelona\n\t\t\t\t<\/figcaption><\/figure><figure class='gallery-item'>\n\t\t\t<div class='gallery-icon portrait'>\n\t\t\t\t<a href='https:\/\/www.pintorbcn.com\/wp-content\/uploads\/2016\/04\/IMG_20160418_140527.jpg'><img loading=\"lazy\" decoding=\"async\" width=\"150\" height=\"150\" src=\"https:\/\/www.pintorbcn.com\/wp-content\/uploads\/2016\/04\/IMG_20160418_140527-150x150.jpg\" class=\"attachment-thumbnail size-thumbnail\" alt=\"Pintor Barcelona Techo\" aria-describedby=\"gallery-4-223\" \/><\/a>\n\t\t\t<\/div>\n\t\t\t\t<figcaption class='wp-caption-text gallery-caption' id='gallery-4-223'>\n\t\t\t\tTecho Pintado en Barcelona\n\t\t\t\t<\/figcaption><\/figure>\n\t\t<\/div>\n\n","protected":false},"excerpt":{"rendered":"<p>Trabajos de pintura en Barcelona: Trabajos de pintura en Barcelona: En esta comunidad de propietarios, buscaron un Pintor en Barcelona, profesional y limpio. Realizamos los Trabajos de pintura en Barcelona en el tiempo acordado, techos con pintura pl\u00e1stica blanca, paredes en pintura pl\u00e1stica ocre, puertas de ascensor esmaltadas con un tono rojo carruaje y las [&hellip;]<\/p>\n","protected":false},"author":1,"featured_media":0,"parent":0,"menu_order":0,"comment_status":"closed","ping_status":"closed","template":"","meta":{"footnotes":""},"class_list":["post-95","page","type-page","status-publish","hentry"],"yoast_head":"<!-- This site is optimized with the Yoast SEO plugin v26.0 - https:\/\/yoast.com\/wordpress\/plugins\/seo\/ -->\n<title>Trabajos de pintura en Barcelona, presupuesto inmediato<\/title>\n<meta name=\"description\" content=\"Pintar piso en Barcelona,Trabajos de pintura en Barcelona, PintorBcn pinta su piso,habitaci\u00f3n.Descuentos del 20%. Pida su presupuesto.\" \/>\n<meta name=\"robots\" content=\"index, follow, max-snippet:-1, max-image-preview:large, max-video-preview:-1\" \/>\n<link rel=\"canonical\" href=\"https:\/\/www.pintorbcn.com\/trabajos-pintura\/\" \/>\n<meta property=\"og:locale\" content=\"fr_FR\" \/>\n<meta property=\"og:type\" content=\"article\" \/>\n<meta property=\"og:title\" content=\"Trabajos de pintura en Barcelona, presupuesto inmediato\" \/>\n<meta property=\"og:description\" content=\"Pintar piso en Barcelona,Trabajos de pintura en Barcelona, PintorBcn pinta su piso,habitaci\u00f3n.Descuentos del 20%. Pida su presupuesto.\" \/>\n<meta property=\"og:url\" content=\"https:\/\/www.pintorbcn.com\/trabajos-pintura\/\" \/>\n<meta property=\"og:site_name\" content=\"Pintor Barcelona - Pintores de Calidad, Limpios y con Precios Ajustados\" \/>\n<meta property=\"article:modified_time\" content=\"2016-06-02T13:34:42+00:00\" \/>\n<meta property=\"og:image\" content=\"https:\/\/www.pintorbcn.com\/wp-content\/uploads\/2016\/04\/pintar-comunidad-vecinos-150x150.jpg\" \/>\n<meta name=\"twitter:card\" content=\"summary_large_image\" \/>\n<meta name=\"twitter:label1\" content=\"Dur\u00e9e de lecture estim\u00e9e\" \/>\n\t<meta name=\"twitter:data1\" content=\"2 minutes\" \/>\n<script type=\"application\/ld+json\" class=\"yoast-schema-graph\">{\"@context\":\"https:\/\/schema.org\",\"@graph\":[{\"@type\":\"WebPage\",\"@id\":\"https:\/\/www.pintorbcn.com\/trabajos-pintura\/\",\"url\":\"https:\/\/www.pintorbcn.com\/trabajos-pintura\/\",\"name\":\"Trabajos de pintura en Barcelona, presupuesto inmediato\",\"isPartOf\":{\"@id\":\"https:\/\/www.pintorbcn.com\/#website\"},\"primaryImageOfPage\":{\"@id\":\"https:\/\/www.pintorbcn.com\/trabajos-pintura\/#primaryimage\"},\"image\":{\"@id\":\"https:\/\/www.pintorbcn.com\/trabajos-pintura\/#primaryimage\"},\"thumbnailUrl\":\"https:\/\/www.pintorbcn.com\/wp-content\/uploads\/2016\/04\/IMG_20160406_193733-1024x575.jpg\",\"datePublished\":\"2016-04-15T22:11:43+00:00\",\"dateModified\":\"2016-06-02T13:34:42+00:00\",\"description\":\"Pintar piso en Barcelona,Trabajos de pintura en Barcelona, PintorBcn pinta su piso,habitaci\u00f3n.Descuentos del 20%. Pida su presupuesto.\",\"breadcrumb\":{\"@id\":\"https:\/\/www.pintorbcn.com\/trabajos-pintura\/#breadcrumb\"},\"inLanguage\":\"fr-FR\",\"potentialAction\":[{\"@type\":\"ReadAction\",\"target\":[\"https:\/\/www.pintorbcn.com\/trabajos-pintura\/\"]}]},{\"@type\":\"ImageObject\",\"inLanguage\":\"fr-FR\",\"@id\":\"https:\/\/www.pintorbcn.com\/trabajos-pintura\/#primaryimage\",\"url\":\"https:\/\/www.pintorbcn.com\/wp-content\/uploads\/2016\/04\/IMG_20160406_193733-1024x575.jpg\",\"contentUrl\":\"https:\/\/www.pintorbcn.com\/wp-content\/uploads\/2016\/04\/IMG_20160406_193733-1024x575.jpg\"},{\"@type\":\"BreadcrumbList\",\"@id\":\"https:\/\/www.pintorbcn.com\/trabajos-pintura\/#breadcrumb\",\"itemListElement\":[{\"@type\":\"ListItem\",\"position\":1,\"name\":\"Portada\",\"item\":\"https:\/\/www.pintorbcn.com\/\"},{\"@type\":\"ListItem\",\"position\":2,\"name\":\"Trabajos de pintura en Barcelona\"}]},{\"@type\":\"WebSite\",\"@id\":\"https:\/\/www.pintorbcn.com\/#website\",\"url\":\"https:\/\/www.pintorbcn.com\/\",\"name\":\"Pintor Barcelona - Pintores de Calidad, Limpios y con Precios Ajustados\",\"description\":\"Somos el Pintor que est\u00e1s buscando. Pintaremos tu casa de forma limpia y r\u00e1pida.\",\"potentialAction\":[{\"@type\":\"SearchAction\",\"target\":{\"@type\":\"EntryPoint\",\"urlTemplate\":\"https:\/\/www.pintorbcn.com\/?s={search_term_string}\"},\"query-input\":{\"@type\":\"PropertyValueSpecification\",\"valueRequired\":true,\"valueName\":\"search_term_string\"}}],\"inLanguage\":\"fr-FR\"}]}<\/script>\n<!-- \/ Yoast SEO plugin. -->","yoast_head_json":{"title":"Trabajos de pintura en Barcelona, presupuesto inmediato","description":"Pintar piso en Barcelona,Trabajos de pintura en Barcelona, PintorBcn pinta su piso,habitaci\u00f3n.Descuentos del 20%. Pida su presupuesto.","robots":{"index":"index","follow":"follow","max-snippet":"max-snippet:-1","max-image-preview":"max-image-preview:large","max-video-preview":"max-video-preview:-1"},"canonical":"https:\/\/www.pintorbcn.com\/trabajos-pintura\/","og_locale":"fr_FR","og_type":"article","og_title":"Trabajos de pintura en Barcelona, presupuesto inmediato","og_description":"Pintar piso en Barcelona,Trabajos de pintura en Barcelona, PintorBcn pinta su piso,habitaci\u00f3n.Descuentos del 20%. Pida su presupuesto.","og_url":"https:\/\/www.pintorbcn.com\/trabajos-pintura\/","og_site_name":"Pintor Barcelona - Pintores de Calidad, Limpios y con Precios Ajustados","article_modified_time":"2016-06-02T13:34:42+00:00","og_image":[{"url":"https:\/\/www.pintorbcn.com\/wp-content\/uploads\/2016\/04\/pintar-comunidad-vecinos-150x150.jpg","type":"","width":"","height":""}],"twitter_card":"summary_large_image","twitter_misc":{"Dur\u00e9e de lecture estim\u00e9e":"2 minutes"},"schema":{"@context":"https:\/\/schema.org","@graph":[{"@type":"WebPage","@id":"https:\/\/www.pintorbcn.com\/trabajos-pintura\/","url":"https:\/\/www.pintorbcn.com\/trabajos-pintura\/","name":"Trabajos de pintura en Barcelona, presupuesto inmediato","isPartOf":{"@id":"https:\/\/www.pintorbcn.com\/#website"},"primaryImageOfPage":{"@id":"https:\/\/www.pintorbcn.com\/trabajos-pintura\/#primaryimage"},"image":{"@id":"https:\/\/www.pintorbcn.com\/trabajos-pintura\/#primaryimage"},"thumbnailUrl":"https:\/\/www.pintorbcn.com\/wp-content\/uploads\/2016\/04\/IMG_20160406_193733-1024x575.jpg","datePublished":"2016-04-15T22:11:43+00:00","dateModified":"2016-06-02T13:34:42+00:00","description":"Pintar piso en Barcelona,Trabajos de pintura en Barcelona, PintorBcn pinta su piso,habitaci\u00f3n.Descuentos del 20%. Pida su presupuesto.","breadcrumb":{"@id":"https:\/\/www.pintorbcn.com\/trabajos-pintura\/#breadcrumb"},"inLanguage":"fr-FR","potentialAction":[{"@type":"ReadAction","target":["https:\/\/www.pintorbcn.com\/trabajos-pintura\/"]}]},{"@type":"ImageObject","inLanguage":"fr-FR","@id":"https:\/\/www.pintorbcn.com\/trabajos-pintura\/#primaryimage","url":"https:\/\/www.pintorbcn.com\/wp-content\/uploads\/2016\/04\/IMG_20160406_193733-1024x575.jpg","contentUrl":"https:\/\/www.pintorbcn.com\/wp-content\/uploads\/2016\/04\/IMG_20160406_193733-1024x575.jpg"},{"@type":"BreadcrumbList","@id":"https:\/\/www.pintorbcn.com\/trabajos-pintura\/#breadcrumb","itemListElement":[{"@type":"ListItem","position":1,"name":"Portada","item":"https:\/\/www.pintorbcn.com\/"},{"@type":"ListItem","position":2,"name":"Trabajos de pintura en Barcelona"}]},{"@type":"WebSite","@id":"https:\/\/www.pintorbcn.com\/#website","url":"https:\/\/www.pintorbcn.com\/","name":"Pintor Barcelona - Pintores de Calidad, Limpios y con Precios Ajustados","description":"Somos el Pintor que est\u00e1s buscando. Pintaremos tu casa de forma limpia y r\u00e1pida.","potentialAction":[{"@type":"SearchAction","target":{"@type":"EntryPoint","urlTemplate":"https:\/\/www.pintorbcn.com\/?s={search_term_string}"},"query-input":{"@type":"PropertyValueSpecification","valueRequired":true,"valueName":"search_term_string"}}],"inLanguage":"fr-FR"}]}},"_links":{"self":[{"href":"https:\/\/www.pintorbcn.com\/fr\/wp-json\/wp\/v2\/pages\/95","targetHints":{"allow":["GET"]}}],"collection":[{"href":"https:\/\/www.pintorbcn.com\/fr\/wp-json\/wp\/v2\/pages"}],"about":[{"href":"https:\/\/www.pintorbcn.com\/fr\/wp-json\/wp\/v2\/types\/page"}],"author":[{"embeddable":true,"href":"https:\/\/www.pintorbcn.com\/fr\/wp-json\/wp\/v2\/users\/1"}],"replies":[{"embeddable":true,"href":"https:\/\/www.pintorbcn.com\/fr\/wp-json\/wp\/v2\/comments?post=95"}],"version-history":[{"count":16,"href":"https:\/\/www.pintorbcn.com\/fr\/wp-json\/wp\/v2\/pages\/95\/revisions"}],"predecessor-version":[{"id":2361,"href":"https:\/\/www.pintorbcn.com\/fr\/wp-json\/wp\/v2\/pages\/95\/revisions\/2361"}],"wp:attachment":[{"href":"https:\/\/www.pintorbcn.com\/fr\/wp-json\/wp\/v2\/media?parent=95"}],"curies":[{"name":"wp","href":"https:\/\/api.w.org\/{rel}","templated":true}]}}