{"id":2,"date":"2016-02-25T22:36:28","date_gmt":"2016-02-25T22:36:28","guid":{"rendered":"http:\/\/pintorbcn.com\/?page_id=2"},"modified":"2019-10-10T12:16:48","modified_gmt":"2019-10-10T11:16:48","slug":"pintor-barcelona-pintar-piso-barcelona","status":"publish","type":"page","link":"https:\/\/www.pintorbcn.com\/fr\/","title":{"rendered":"Peintre Barcelone"},"content":{"rendered":"<p class=\"p1\"><b>\u00bfBuscas un pintor profesional que trabaje como si fuera su casa? Pintores hay muchos, pero no como nosotros.<\/b><\/p>\n<p class=\"p3\">Hemos trabajado m\u00e1s 8 a\u00f1os de experiencia pintando casas, hemos hablado con m\u00e1s de 270 clientes. Sabemos lo importante que es para ti que tu casa est\u00e9 perfecta. No s\u00f3lo <strong>pintamos tu casa con la mejor pintura y con acabados excelentes, adem\u00e1s te lo ponemos f\u00e1cil,<\/strong>\u00a0simplemente ll\u00e1manos o pide un presupuesto a trav\u00e9s de la web y nosotros nos encargamos de vaciar los muebles, proteger tu mobiliario y zonas que no se deban pintar, y despu\u00e9s de pintar lo dejaremos todo igual que como estaba antes de empezar.<\/p>\n<p class=\"p3\"><img decoding=\"async\" class=\"aligncenter size-large wp-image-139\" src=\"https:\/\/www.pintorbcn.com\/wp-content\/uploads\/2016\/02\/equipo-pintor-bcn-1024x575.jpeg\" alt=\"equipo pintor bcn\" width=\"100%\" srcset=\"https:\/\/www.pintorbcn.com\/wp-content\/uploads\/2016\/02\/equipo-pintor-bcn-1024x575.jpeg 1024w, https:\/\/www.pintorbcn.com\/wp-content\/uploads\/2016\/02\/equipo-pintor-bcn-300x168.jpeg 300w, https:\/\/www.pintorbcn.com\/wp-content\/uploads\/2016\/02\/equipo-pintor-bcn-768x431.jpeg 768w, https:\/\/www.pintorbcn.com\/wp-content\/uploads\/2016\/02\/equipo-pintor-bcn-980x550.jpeg 980w, https:\/\/www.pintorbcn.com\/wp-content\/uploads\/2016\/02\/equipo-pintor-bcn.jpeg 1600w\" sizes=\"(max-width: 1024px) 100vw, 1024px\" \/><\/p>\n<h3 class=\"titulo-servicios\">As\u00ed es como pintamos:<\/h3>\n<div class=\"row text-center\">\n<div class=\"col-md-3 col-xs-6\"><img class=\"img-serv-home\" alt=\"Despejamos la habitaci\u00f3n antes de pintar\" \/><br \/>\n1. Despejamos la zona de trabajo<\/div>\n<div class=\"col-md-3 col-xs-6\"><img decoding=\"async\" class=\"img-serv-home\" src=\"https:\/\/www.pintorbcn.com\/wp-content\/uploads\/2016\/03\/pintor-protege.jpeg\" alt=\"Protegemos la zona que no vamos a pintar\" \/><br \/>\n2. Protegemos y tapamos las zonas no necesarias<\/div>\n<div class=\"col-md-3 col-xs-6\"><img decoding=\"async\" class=\"img-serv-home\" src=\"https:\/\/www.pintorbcn.com\/wp-content\/uploads\/2016\/03\/pintando-pared-en-amarillo.jpg\" alt=\"Pintando Pared Amarilla en varias capas\" \/><br \/>\n3. Aplicamos varias capas de nuestra mejor pintura<\/div>\n<div class=\"col-md-3 col-xs-6\"><img decoding=\"async\" class=\"img-serv-home\" src=\"https:\/\/www.pintorbcn.com\/wp-content\/uploads\/2016\/03\/limpiando-pintura.jpeg\" alt=\"Limpiamos despu\u00e9s de pintar\" \/><br \/>\n4. Limpiamos y recolocamos los muebles<\/div>\n<\/div>\n<h3 class=\"titulo-servicios\">\u00bfC\u00f3mo trabajamos?<\/h3>\n<div class=\"row text-center\">\n<div class=\"col-md-4\">\n<p><i class=\"fa fa-file-text-o fa-5x\">\u00a0<\/i><\/p>\n<p>Pide un presupuesto gratis<\/p>\n<\/div>\n<div class=\"col-md-4\">\n<p><i class=\"fa fa-paint-brush fa-5x\">\u00a0<\/i><\/p>\n<p>Te mostramos 3 muestras en tu propia pared<\/p>\n<\/div>\n<div class=\"col-md-4\">\n<p><i class=\"fa fa-star-o fa-5x\">\u00a0<\/i><i class=\"fa fa-star-o fa-5x\">\u00a0<\/i><i class=\"fa fa-star-o fa-5x\">\u00a0<\/i><\/p>\n<p>En 2 d\u00edas tu piso estar\u00e1 pintado<\/p>\n<\/div>\n<\/div>\n<h3 class=\"p4\">Mira qu\u00e9 opinan personas como t\u00fa:<\/h3>\n<p class=\"p3\">Estas personas nos llamaron a trav\u00e9s de la web, nos explicaron su situaci\u00f3n, cerramos el presupuesto y les pintamos la casa tal y como ellos quer\u00edan.<\/p>\n<div class=\"row\">\n<div class=\"col-md-6\">[testimonial_single id=\u00a0\u00bb60&Prime;]<\/div>\n<div class=\"col-md-6\">[testimonial_single id=\u00a0\u00bb57&Prime;]<\/div>\n<\/div>\n<div class=\"row\">\n<div class=\"col-md-6\">[testimonial_single id=\u00a0\u00bb58&Prime;]<\/div>\n<div class=\"col-md-6\">[testimonial_single id=\u00a0\u00bb56&Prime;]<\/div>\n<\/div>\n<h2>En qu\u00e9 zonas de Barcelona trabajamos<\/h2>\n<h3 class=\"titulo-servicios\">Por barrios<\/h3>\n<p>Trabajamos en toda la prov\u00edncia de Barcelona:<\/p>\n<h4><strong>Pintor en Gracia<\/strong><\/h4>\n<p>Si est\u00e1s buscando un <span style=\"text-decoration: underline;\">Pintor en Gracia<\/span>, nosotros tenemos una oficina cerca de tu casa. Ll\u00e1manos ahora y te daremos presupuesto en la misma llamada.<\/p>\n<h4><strong>Pintor en Sarria-Sant Gervasi<\/strong><\/h4>\n<p>Marc, socio de la empresa, es vecino del barrio de Sarri\u00e0-Sant Gervasi. Marc empez\u00f3 como <span style=\"text-decoration: underline;\">Pintor en Sarri\u00e0 Sant Gervasi<\/span> hace 8 a\u00f1os y desde entonces siempre hemos tenido una oficina en la zona. Si est\u00e1s buscando un pintor cerca de casa para pintar una habitaci\u00f3n, un sal\u00f3n o una cocina, ll\u00e1manos ahora y te daremos presupuesto en la misma llamada.<\/p>\n<h4><strong>Pintor en l&rsquo;Eixample<\/strong><\/h4>\n<p>Tambi\u00e9n podemos ofrecer nuestros servicios de <span style=\"text-decoration: underline;\">Pintor en l&rsquo;Eixample<\/span> a vecinos del barrio. Si eres vecino de l&rsquo;Eixample de Barcelona y quieres que te hagamos un presupuesto para pintar tu casa, puedes hacerlo a trav\u00e9s de la p\u00e1gina de <strong><a href=\"https:\/\/www.pintorbcn.com\/presupuesto\/\">presupuestos de pintura<\/a> <\/strong>o llamar directamente.<\/p>\n<h3 class=\"titulo-servicios\">Nuestros precios<\/h3>\n<p class=\"p3\"><span class=\"s1\">Ofrecemos AYUDAS Y DESCUENTOS a:<\/span><\/p>\n<ul class=\"ul1\">\n<li class=\"li3\">Aut\u00f3nomos (sabemos lo mucho que cuesta el d\u00eda a d\u00eda)<\/li>\n<li class=\"li3\"><span class=\"s1\">Personas Discapacitadas<\/span><\/li>\n<li class=\"li3\"><span class=\"s1\">Familias Numerosas<\/span><\/li>\n<li class=\"li3\"><span class=\"s1\">Gente mayor y\/o jubilada (m\u00e1s de 65 a\u00f1os)<\/span><\/li>\n<li class=\"li3\"><span class=\"s1\">otras (ll\u00e1manos y cu\u00e9ntamos c\u00f3mo podemos ayudarte)<\/span><\/li>\n<\/ul>\n<p class=\"p3\"><span class=\"s1\">Llama ahora, cu\u00e9ntanos tu caso y te daremos presupuesto en la misma llamada<\/span><\/p>\n","protected":false},"excerpt":{"rendered":"<p>\u00bfBuscas un pintor profesional que trabaje como si fuera su casa? Pintores hay muchos, pero no como nosotros. Hemos trabajado m\u00e1s 8 a\u00f1os de experiencia pintando casas, hemos hablado con m\u00e1s de 270 clientes. Sabemos lo importante que es para ti que tu casa est\u00e9 perfecta. No s\u00f3lo pintamos tu casa con la mejor pintura [&hellip;]<\/p>\n","protected":false},"author":1,"featured_media":83,"parent":0,"menu_order":0,"comment_status":"closed","ping_status":"open","template":"","meta":{"footnotes":""},"class_list":["post-2","page","type-page","status-publish","has-post-thumbnail","hentry"],"yoast_head":"<!-- This site is optimized with the Yoast SEO plugin v26.0 - https:\/\/yoast.com\/wordpress\/plugins\/seo\/ -->\n<title>Pintor Barcelona - Pintar Piso en Barcelona<\/title>\n<meta name=\"description\" content=\"Pintor Barcelona. Entra aqu\u00ed para Pintar Piso en Barcelona. Pintor valorado con un 4,7 sobre 5 seg\u00fan opiniones de Google. Somos el pintor que est\u00e1 buscando.\" \/>\n<meta name=\"robots\" content=\"index, follow, max-snippet:-1, max-image-preview:large, max-video-preview:-1\" \/>\n<link rel=\"canonical\" href=\"https:\/\/www.pintorbcn.com\/\" \/>\n<meta property=\"og:locale\" content=\"fr_FR\" \/>\n<meta property=\"og:type\" content=\"article\" \/>\n<meta property=\"og:title\" content=\"Pintor Barcelona - Pintar Piso en Barcelona\" \/>\n<meta property=\"og:description\" content=\"Pintor Barcelona. Entra aqu\u00ed para Pintar Piso en Barcelona. Pintor valorado con un 4,7 sobre 5 seg\u00fan opiniones de Google. Somos el pintor que est\u00e1 buscando.\" \/>\n<meta property=\"og:url\" content=\"https:\/\/www.pintorbcn.com\/\" \/>\n<meta property=\"og:site_name\" content=\"Pintor Barcelona - Pintores de Calidad, Limpios y con Precios Ajustados\" \/>\n<meta property=\"article:modified_time\" content=\"2019-10-10T11:16:48+00:00\" \/>\n<meta property=\"og:image\" content=\"https:\/\/www.pintorbcn.com\/wp-content\/uploads\/2016\/03\/IMG_20160108_122112.jpg\" \/>\n\t<meta property=\"og:image:width\" content=\"2106\" \/>\n\t<meta property=\"og:image:height\" content=\"1922\" \/>\n\t<meta property=\"og:image:type\" content=\"image\/jpeg\" \/>\n<meta name=\"twitter:card\" content=\"summary_large_image\" \/>\n<meta name=\"twitter:label1\" content=\"Dur\u00e9e de lecture estim\u00e9e\" \/>\n\t<meta name=\"twitter:data1\" content=\"2 minutes\" \/>\n<script type=\"application\/ld+json\" class=\"yoast-schema-graph\">{\"@context\":\"https:\/\/schema.org\",\"@graph\":[{\"@type\":\"WebPage\",\"@id\":\"https:\/\/www.pintorbcn.com\/\",\"url\":\"https:\/\/www.pintorbcn.com\/\",\"name\":\"Pintor Barcelona - Pintar Piso en Barcelona\",\"isPartOf\":{\"@id\":\"https:\/\/www.pintorbcn.com\/#website\"},\"primaryImageOfPage\":{\"@id\":\"https:\/\/www.pintorbcn.com\/#primaryimage\"},\"image\":{\"@id\":\"https:\/\/www.pintorbcn.com\/#primaryimage\"},\"thumbnailUrl\":\"https:\/\/www.pintorbcn.com\/wp-content\/uploads\/2016\/03\/IMG_20160108_122112.jpg\",\"datePublished\":\"2016-02-25T22:36:28+00:00\",\"dateModified\":\"2019-10-10T11:16:48+00:00\",\"description\":\"Pintor Barcelona. Entra aqu\u00ed para Pintar Piso en Barcelona. Pintor valorado con un 4,7 sobre 5 seg\u00fan opiniones de Google. Somos el pintor que est\u00e1 buscando.\",\"breadcrumb\":{\"@id\":\"https:\/\/www.pintorbcn.com\/#breadcrumb\"},\"inLanguage\":\"fr-FR\",\"potentialAction\":[{\"@type\":\"ReadAction\",\"target\":[\"https:\/\/www.pintorbcn.com\/\"]}]},{\"@type\":\"ImageObject\",\"inLanguage\":\"fr-FR\",\"@id\":\"https:\/\/www.pintorbcn.com\/#primaryimage\",\"url\":\"https:\/\/www.pintorbcn.com\/wp-content\/uploads\/2016\/03\/IMG_20160108_122112.jpg\",\"contentUrl\":\"https:\/\/www.pintorbcn.com\/wp-content\/uploads\/2016\/03\/IMG_20160108_122112.jpg\",\"width\":2106,\"height\":1922,\"caption\":\"Nico Pintor Fachada\"},{\"@type\":\"BreadcrumbList\",\"@id\":\"https:\/\/www.pintorbcn.com\/#breadcrumb\",\"itemListElement\":[{\"@type\":\"ListItem\",\"position\":1,\"name\":\"Portada\",\"item\":\"https:\/\/www.pintorbcn.com\/\"},{\"@type\":\"ListItem\",\"position\":2,\"name\":\"Pintor Barcelona &#8211; Serios y econ\u00f3micos\"}]},{\"@type\":\"WebSite\",\"@id\":\"https:\/\/www.pintorbcn.com\/#website\",\"url\":\"https:\/\/www.pintorbcn.com\/\",\"name\":\"Pintor Barcelona - Pintores de Calidad, Limpios y con Precios Ajustados\",\"description\":\"Somos el Pintor que est\u00e1s buscando. Pintaremos tu casa de forma limpia y r\u00e1pida.\",\"potentialAction\":[{\"@type\":\"SearchAction\",\"target\":{\"@type\":\"EntryPoint\",\"urlTemplate\":\"https:\/\/www.pintorbcn.com\/?s={search_term_string}\"},\"query-input\":{\"@type\":\"PropertyValueSpecification\",\"valueRequired\":true,\"valueName\":\"search_term_string\"}}],\"inLanguage\":\"fr-FR\"}]}<\/script>\n<!-- \/ Yoast SEO plugin. -->","yoast_head_json":{"title":"Pintor Barcelona - Pintar Piso en Barcelona","description":"Pintor Barcelona. Entra aqu\u00ed para Pintar Piso en Barcelona. Pintor valorado con un 4,7 sobre 5 seg\u00fan opiniones de Google. Somos el pintor que est\u00e1 buscando.","robots":{"index":"index","follow":"follow","max-snippet":"max-snippet:-1","max-image-preview":"max-image-preview:large","max-video-preview":"max-video-preview:-1"},"canonical":"https:\/\/www.pintorbcn.com\/","og_locale":"fr_FR","og_type":"article","og_title":"Pintor Barcelona - Pintar Piso en Barcelona","og_description":"Pintor Barcelona. Entra aqu\u00ed para Pintar Piso en Barcelona. Pintor valorado con un 4,7 sobre 5 seg\u00fan opiniones de Google. Somos el pintor que est\u00e1 buscando.","og_url":"https:\/\/www.pintorbcn.com\/","og_site_name":"Pintor Barcelona - Pintores de Calidad, Limpios y con Precios Ajustados","article_modified_time":"2019-10-10T11:16:48+00:00","og_image":[{"width":2106,"height":1922,"url":"https:\/\/www.pintorbcn.com\/wp-content\/uploads\/2016\/03\/IMG_20160108_122112.jpg","type":"image\/jpeg"}],"twitter_card":"summary_large_image","twitter_misc":{"Dur\u00e9e de lecture estim\u00e9e":"2 minutes"},"schema":{"@context":"https:\/\/schema.org","@graph":[{"@type":"WebPage","@id":"https:\/\/www.pintorbcn.com\/","url":"https:\/\/www.pintorbcn.com\/","name":"Pintor Barcelona - Pintar Piso en Barcelona","isPartOf":{"@id":"https:\/\/www.pintorbcn.com\/#website"},"primaryImageOfPage":{"@id":"https:\/\/www.pintorbcn.com\/#primaryimage"},"image":{"@id":"https:\/\/www.pintorbcn.com\/#primaryimage"},"thumbnailUrl":"https:\/\/www.pintorbcn.com\/wp-content\/uploads\/2016\/03\/IMG_20160108_122112.jpg","datePublished":"2016-02-25T22:36:28+00:00","dateModified":"2019-10-10T11:16:48+00:00","description":"Pintor Barcelona. Entra aqu\u00ed para Pintar Piso en Barcelona. Pintor valorado con un 4,7 sobre 5 seg\u00fan opiniones de Google. Somos el pintor que est\u00e1 buscando.","breadcrumb":{"@id":"https:\/\/www.pintorbcn.com\/#breadcrumb"},"inLanguage":"fr-FR","potentialAction":[{"@type":"ReadAction","target":["https:\/\/www.pintorbcn.com\/"]}]},{"@type":"ImageObject","inLanguage":"fr-FR","@id":"https:\/\/www.pintorbcn.com\/#primaryimage","url":"https:\/\/www.pintorbcn.com\/wp-content\/uploads\/2016\/03\/IMG_20160108_122112.jpg","contentUrl":"https:\/\/www.pintorbcn.com\/wp-content\/uploads\/2016\/03\/IMG_20160108_122112.jpg","width":2106,"height":1922,"caption":"Nico Pintor Fachada"},{"@type":"BreadcrumbList","@id":"https:\/\/www.pintorbcn.com\/#breadcrumb","itemListElement":[{"@type":"ListItem","position":1,"name":"Portada","item":"https:\/\/www.pintorbcn.com\/"},{"@type":"ListItem","position":2,"name":"Pintor Barcelona &#8211; Serios y econ\u00f3micos"}]},{"@type":"WebSite","@id":"https:\/\/www.pintorbcn.com\/#website","url":"https:\/\/www.pintorbcn.com\/","name":"Pintor Barcelona - Pintores de Calidad, Limpios y con Precios Ajustados","description":"Somos el Pintor que est\u00e1s buscando. Pintaremos tu casa de forma limpia y r\u00e1pida.","potentialAction":[{"@type":"SearchAction","target":{"@type":"EntryPoint","urlTemplate":"https:\/\/www.pintorbcn.com\/?s={search_term_string}"},"query-input":{"@type":"PropertyValueSpecification","valueRequired":true,"valueName":"search_term_string"}}],"inLanguage":"fr-FR"}]}},"_links":{"self":[{"href":"https:\/\/www.pintorbcn.com\/fr\/wp-json\/wp\/v2\/pages\/2","targetHints":{"allow":["GET"]}}],"collection":[{"href":"https:\/\/www.pintorbcn.com\/fr\/wp-json\/wp\/v2\/pages"}],"about":[{"href":"https:\/\/www.pintorbcn.com\/fr\/wp-json\/wp\/v2\/types\/page"}],"author":[{"embeddable":true,"href":"https:\/\/www.pintorbcn.com\/fr\/wp-json\/wp\/v2\/users\/1"}],"replies":[{"embeddable":true,"href":"https:\/\/www.pintorbcn.com\/fr\/wp-json\/wp\/v2\/comments?post=2"}],"version-history":[{"count":159,"href":"https:\/\/www.pintorbcn.com\/fr\/wp-json\/wp\/v2\/pages\/2\/revisions"}],"predecessor-version":[{"id":2692,"href":"https:\/\/www.pintorbcn.com\/fr\/wp-json\/wp\/v2\/pages\/2\/revisions\/2692"}],"wp:featuredmedia":[{"embeddable":true,"href":"https:\/\/www.pintorbcn.com\/fr\/wp-json\/wp\/v2\/media\/83"}],"wp:attachment":[{"href":"https:\/\/www.pintorbcn.com\/fr\/wp-json\/wp\/v2\/media?parent=2"}],"curies":[{"name":"wp","href":"https:\/\/api.w.org\/{rel}","templated":true}]}}